{"id":795,"date":"2024-09-02T10:11:04","date_gmt":"2024-09-02T08:11:04","guid":{"rendered":"https:\/\/helperz.ro\/blog\/?page_id=795"},"modified":"2024-09-03T13:52:16","modified_gmt":"2024-09-03T11:52:16","slug":"succes-bundle-parinti","status":"publish","type":"page","link":"https:\/\/helperz.ro\/blog\/succes-bundle-parinti\/","title":{"rendered":"Achizi\u021bia ta e complet\u0103! &#8211; Bundle p\u0103rin\u021bi"},"content":{"rendered":"\n<div class=\"wp-block-uagb-container uagb-block-a1614fdc alignfull uagb-is-root-container\"><div class=\"uagb-container-inner-blocks-wrap\">\n<div class=\"wp-block-uagb-container uagb-block-5898b968\">\n<h2 class=\"wp-block-heading has-text-align-center\">Mul\u021bumim! Ai achizi\u021bionat bundle-ul cu succes<\/h2>\n\n\n\n<p>Vei primi un email \u00een urm\u0103toarele minute unde vei putea desc\u0103rca cele 5 instrumente esen\u021biale pentru g\u0103sirea bonei potrivite. <br><br>Dac\u0103 ai \u00eentreb\u0103ri sau nel\u0103muriri, nu ezita s\u0103 ne contactezi la c<strong>ontact@helperz.ro<\/strong><\/p>\n\n\n\n<p class=\"has-ast-global-color-5-color has-text-color has-link-color wp-elements-ed336a3d0cd78488dd438725c0ced722\">49<\/p>\n<\/div>\n\n\n\n<div class=\"wp-block-uagb-container uagb-block-599e73b7\">\n<div class=\"wp-block-uagb-image aligncenter uagb-block-f3dcfd12 wp-block-uagb-image--layout-default wp-block-uagb-image--effect-static wp-block-uagb-image--align-center\"><figure class=\"wp-block-uagb-image__figure\"><img loading=\"lazy\" decoding=\"async\" srcset=\"https:\/\/helperz.ro\/blog\/\/data\/wordpress\/uploads\/2024\/09\/ads-ghiduri-helperzArtboard-4.jpg ,https:\/\/helperz.ro\/blog\/\/data\/wordpress\/uploads\/2024\/09\/ads-ghiduri-helperzArtboard-4.jpg 780w, https:\/\/helperz.ro\/blog\/\/data\/wordpress\/uploads\/2024\/09\/ads-ghiduri-helperzArtboard-4.jpg 360w\" sizes=\"auto, (max-width: 480px) 150px\" src=\"https:\/\/helperz.ro\/blog\/\/data\/wordpress\/uploads\/2024\/09\/ads-ghiduri-helperzArtboard-4.jpg\" alt=\"\" class=\"uag-image-796\" width=\"379\" height=\"379\" title=\"ads-ghiduri-helperzArtboard 4\" loading=\"lazy\" role=\"img\"\/><\/figure><\/div>\n<\/div>\n<\/div><\/div>\n","protected":false},"excerpt":{"rendered":"<p>Mul\u021bumim! Ai achizi\u021bionat bundle-ul cu succes Vei primi un email \u00een urm\u0103toarele minute unde vei putea desc\u0103rca cele 5 instrumente esen\u021biale pentru g\u0103sirea bonei potrivite. Dac\u0103 ai \u00eentreb\u0103ri sau nel\u0103muriri, nu ezita s\u0103 ne contactezi la contact@helperz.ro 49<\/p>\n","protected":false},"author":2,"featured_media":0,"parent":0,"menu_order":0,"comment_status":"closed","ping_status":"closed","template":"","meta":{"_uag_custom_page_level_css":"","site-sidebar-layout":"default","site-content-layout":"","ast-site-content-layout":"default","site-content-style":"default","site-sidebar-style":"default","ast-global-header-display":"","ast-banner-title-visibility":"","ast-main-header-display":"","ast-hfb-above-header-display":"","ast-hfb-below-header-display":"","ast-hfb-mobile-header-display":"","site-post-title":"","ast-breadcrumbs-content":"","ast-featured-img":"","footer-sml-layout":"","theme-transparent-header-meta":"","adv-header-id-meta":"","stick-header-meta":"","header-above-stick-meta":"","header-main-stick-meta":"","header-below-stick-meta":"","astra-migrate-meta-layouts":"default","ast-page-background-enabled":"default","ast-page-background-meta":{"desktop":{"background-color":"var(--ast-global-color-4)","background-image":"","background-repeat":"repeat","background-position":"center center","background-size":"auto","background-attachment":"scroll","background-type":"","background-media":"","overlay-type":"","overlay-color":"","overlay-opacity":"","overlay-gradient":""},"tablet":{"background-color":"","background-image":"","background-repeat":"repeat","background-position":"center center","background-size":"auto","background-attachment":"scroll","background-type":"","background-media":"","overlay-type":"","overlay-color":"","overlay-opacity":"","overlay-gradient":""},"mobile":{"background-color":"","background-image":"","background-repeat":"repeat","background-position":"center center","background-size":"auto","background-attachment":"scroll","background-type":"","background-media":"","overlay-type":"","overlay-color":"","overlay-opacity":"","overlay-gradient":""}},"ast-content-background-meta":{"desktop":{"background-color":"var(--ast-global-color-5)","background-image":"","background-repeat":"repeat","background-position":"center center","background-size":"auto","background-attachment":"scroll","background-type":"","background-media":"","overlay-type":"","overlay-color":"","overlay-opacity":"","overlay-gradient":""},"tablet":{"background-color":"var(--ast-global-color-5)","background-image":"","background-repeat":"repeat","background-position":"center center","background-size":"auto","background-attachment":"scroll","background-type":"","background-media":"","overlay-type":"","overlay-color":"","overlay-opacity":"","overlay-gradient":""},"mobile":{"background-color":"var(--ast-global-color-5)","background-image":"","background-repeat":"repeat","background-position":"center center","background-size":"auto","background-attachment":"scroll","background-type":"","background-media":"","overlay-type":"","overlay-color":"","overlay-opacity":"","overlay-gradient":""}},"footnotes":""},"class_list":["post-795","page","type-page","status-publish","hentry"],"uagb_featured_image_src":{"full":false,"thumbnail":false,"medium":false,"medium_large":false,"large":false,"1536x1536":false,"2048x2048":false},"uagb_author_info":{"display_name":"Ovidiu Stegari","author_link":"https:\/\/helperz.ro\/blog\/author\/ovidiu\/"},"uagb_comment_info":0,"uagb_excerpt":"Mul\u021bumim! Ai achizi\u021bionat bundle-ul cu succes Vei primi un email \u00een urm\u0103toarele minute unde vei putea desc\u0103rca cele 5 instrumente esen\u021biale pentru g\u0103sirea bonei potrivite. Dac\u0103 ai \u00eentreb\u0103ri sau nel\u0103muriri, nu ezita s\u0103 ne contactezi la contact@helperz.ro 49","_links":{"self":[{"href":"https:\/\/helperz.ro\/blog\/wp-json\/wp\/v2\/pages\/795","targetHints":{"allow":["GET"]}}],"collection":[{"href":"https:\/\/helperz.ro\/blog\/wp-json\/wp\/v2\/pages"}],"about":[{"href":"https:\/\/helperz.ro\/blog\/wp-json\/wp\/v2\/types\/page"}],"author":[{"embeddable":true,"href":"https:\/\/helperz.ro\/blog\/wp-json\/wp\/v2\/users\/2"}],"replies":[{"embeddable":true,"href":"https:\/\/helperz.ro\/blog\/wp-json\/wp\/v2\/comments?post=795"}],"version-history":[{"count":7,"href":"https:\/\/helperz.ro\/blog\/wp-json\/wp\/v2\/pages\/795\/revisions"}],"predecessor-version":[{"id":809,"href":"https:\/\/helperz.ro\/blog\/wp-json\/wp\/v2\/pages\/795\/revisions\/809"}],"wp:attachment":[{"href":"https:\/\/helperz.ro\/blog\/wp-json\/wp\/v2\/media?parent=795"}],"curies":[{"name":"wp","href":"https:\/\/api.w.org\/{rel}","templated":true}]}}